{"id":14301,"date":"2025-02-19T09:42:56","date_gmt":"2025-02-19T09:42:56","guid":{"rendered":"https:\/\/lore.fi\/?page_id=14301"},"modified":"2025-03-26T19:53:22","modified_gmt":"2025-03-26T19:53:22","slug":"referenssit-pral","status":"publish","type":"page","link":"https:\/\/lore.fi\/en\/referenssit-pral\/","title":{"rendered":"References Pral"},"content":{"rendered":"<div data-elementor-type=\"wp-post\" data-elementor-id=\"14301\" class=\"elementor elementor-14301\" data-elementor-post-type=\"page\">\n\t\t\t\t<div class=\"elementor-element elementor-element-15e8d3f e-flex e-con-boxed e-con e-parent\" data-id=\"15e8d3f\" data-element_type=\"container\" data-e-type=\"container\" data-settings=\"{&quot;background_background&quot;:&quot;classic&quot;}\">\n\t\t\t\t\t<div class=\"e-con-inner\">\n\t\t<div class=\"elementor-element elementor-element-4db5999 e-con-full e-flex e-con e-child\" data-id=\"4db5999\" data-element_type=\"container\" data-e-type=\"container\" data-settings=\"{&quot;background_background&quot;:&quot;classic&quot;}\">\n\t\t\t\t<div class=\"elementor-element elementor-element-3fa074c elementor-widget elementor-widget-heading\" data-id=\"3fa074c\" data-element_type=\"widget\" data-e-type=\"widget\" data-widget_type=\"heading.default\">\n\t\t\t\t<div class=\"elementor-widget-container\">\n\t\t\t\t\t<h6 class=\"elementor-heading-title elementor-size-default\">REFERENCES<\/h6>\t\t\t\t<\/div>\n\t\t\t\t<\/div>\n\t\t\t\t<div class=\"elementor-element elementor-element-e460252 elementor-widget-divider--view-line elementor-widget elementor-widget-divider\" data-id=\"e460252\" data-element_type=\"widget\" data-e-type=\"widget\" data-widget_type=\"divider.default\">\n\t\t\t\t<div class=\"elementor-widget-container\">\n\t\t\t\t\t\t\t<div class=\"elementor-divider\">\n\t\t\t<span class=\"elementor-divider-separator\">\n\t\t\t\t\t\t<\/span>\n\t\t<\/div>\n\t\t\t\t\t\t<\/div>\n\t\t\t\t<\/div>\n\t\t\t\t<div class=\"elementor-element elementor-element-212595f elementor-widget elementor-widget-heading\" data-id=\"212595f\" data-element_type=\"widget\" data-e-type=\"widget\" data-widget_type=\"heading.default\">\n\t\t\t\t<div class=\"elementor-widget-container\">\n\t\t\t\t\t<h1 class=\"elementor-heading-title elementor-size-default\">PRAL REFERENCES<\/h1>\t\t\t\t<\/div>\n\t\t\t\t<\/div>\n\t\t\t\t<\/div>\n\t\t<div class=\"elementor-element elementor-element-8f91249 e-con-full e-flex e-con e-child\" data-id=\"8f91249\" data-element_type=\"container\" data-e-type=\"container\">\n\t\t\t\t<\/div>\n\t\t\t\t\t<\/div>\n\t\t\t\t<\/div>\n\t\t<div class=\"elementor-element elementor-element-361fecc e-flex e-con-boxed e-con e-parent\" data-id=\"361fecc\" data-element_type=\"container\" data-e-type=\"container\">\n\t\t\t\t\t<div class=\"e-con-inner\">\n\t\t<div class=\"elementor-element elementor-element-2c09f7a e-con-full e-flex e-con e-child\" data-id=\"2c09f7a\" data-element_type=\"container\" data-e-type=\"container\">\n\t\t\t\t<div class=\"elementor-element elementor-element-ea51ec0 elementor-widget elementor-widget-heading\" data-id=\"ea51ec0\" data-element_type=\"widget\" data-e-type=\"widget\" data-widget_type=\"heading.default\">\n\t\t\t\t<div class=\"elementor-widget-container\">\n\t\t\t\t\t<h2 class=\"elementor-heading-title elementor-size-default\">YEAR 2012<\/h2>\t\t\t\t<\/div>\n\t\t\t\t<\/div>\n\t\t\t\t<div class=\"elementor-element elementor-element-988a8ba elementor-widget elementor-widget-text-editor\" data-id=\"988a8ba\" data-element_type=\"widget\" data-e-type=\"widget\" data-widget_type=\"text-editor.default\">\n\t\t\t\t<div class=\"elementor-widget-container\">\n\t\t\t\t\t\t\t\t\t<article id=\"post-13491\" class=\"post-13491 page type-page status-publish has-post-thumbnail hentry\" role=\"article\"><ul><li>Congress Hotel Gustavelund, Tuusula<\/li><li>Office space, Helsinki (+ basins)<\/li><li>Ruoholahti Gym, Helsinki (+pools)<\/li><li>Stockmann, 4th floor caf\u00e9, Helsinki<\/li><\/ul><\/article>\t\t\t\t\t\t\t\t<\/div>\n\t\t\t\t<\/div>\n\t\t\t\t<\/div>\n\t\t\t\t\t<\/div>\n\t\t\t\t<\/div>\n\t\t<div class=\"elementor-element elementor-element-8eefb37 e-flex e-con-boxed e-con e-parent\" data-id=\"8eefb37\" data-element_type=\"container\" data-e-type=\"container\" data-settings=\"{&quot;background_background&quot;:&quot;classic&quot;}\">\n\t\t\t\t\t<div class=\"e-con-inner\">\n\t\t<div class=\"elementor-element elementor-element-20f8419 e-con-full e-flex e-con e-child\" data-id=\"20f8419\" data-element_type=\"container\" data-e-type=\"container\">\n\t\t\t\t<div class=\"elementor-element elementor-element-789c3eb elementor-widget elementor-widget-heading\" data-id=\"789c3eb\" data-element_type=\"widget\" data-e-type=\"widget\" data-widget_type=\"heading.default\">\n\t\t\t\t<div class=\"elementor-widget-container\">\n\t\t\t\t\t<h2 class=\"elementor-heading-title elementor-size-default\">2011<\/h2>\t\t\t\t<\/div>\n\t\t\t\t<\/div>\n\t\t\t\t<div class=\"elementor-element elementor-element-287fd9f elementor-widget elementor-widget-text-editor\" data-id=\"287fd9f\" data-element_type=\"widget\" data-e-type=\"widget\" data-widget_type=\"text-editor.default\">\n\t\t\t\t<div class=\"elementor-widget-container\">\n\t\t\t\t\t\t\t\t\t<ul><li>Hotel Cumulus, Sein\u00e4joki and Pori<\/li><li>Technopolis \/ Finnmedi 6, Tampere (+ pools)<\/li><li>Ohkola Hospital, M\u00e4nts\u00e4l\u00e4<\/li><\/ul>\t\t\t\t\t\t\t\t<\/div>\n\t\t\t\t<\/div>\n\t\t\t\t<div class=\"elementor-element elementor-element-4301d66 elementor-widget elementor-widget-heading\" data-id=\"4301d66\" data-element_type=\"widget\" data-e-type=\"widget\" data-widget_type=\"heading.default\">\n\t\t\t\t<div class=\"elementor-widget-container\">\n\t\t\t\t\t<h2 class=\"elementor-heading-title elementor-size-default\">2010<\/h2>\t\t\t\t<\/div>\n\t\t\t\t<\/div>\n\t\t\t\t<div class=\"elementor-element elementor-element-aa4abbb elementor-widget elementor-widget-text-editor\" data-id=\"aa4abbb\" data-element_type=\"widget\" data-e-type=\"widget\" data-widget_type=\"text-editor.default\">\n\t\t\t\t<div class=\"elementor-widget-container\">\n\t\t\t\t\t\t\t\t\t<ul><li>Cumulus hotels in Kuopio, H\u00e4meenlinna and Sein\u00e4joki<\/li><li>Sanomala, Vantaa<\/li><li>Stockmann, Helsinki, Finland (\"in its own\" tone)<\/li><li>Sonera Stadium, Helsinki<\/li><li>Suomen Terveystalo, Graniittitalo, Helsinki<\/li><li>Nokia Ruoholahti, Helsinki<\/li><li>Mercuria Trade School, Vantaa (+ pools)<\/li><li>Government mail service; Helsinki<\/li><li>Eye Hospital<\/li><li>Deaconess Institute, Helsinki<\/li><li>Valio<\/li><li>Helsinki City Theatre<\/li><\/ul>\t\t\t\t\t\t\t\t<\/div>\n\t\t\t\t<\/div>\n\t\t\t\t<div class=\"elementor-element elementor-element-29364f1 elementor-widget elementor-widget-heading\" data-id=\"29364f1\" data-element_type=\"widget\" data-e-type=\"widget\" data-widget_type=\"heading.default\">\n\t\t\t\t<div class=\"elementor-widget-container\">\n\t\t\t\t\t<h2 class=\"elementor-heading-title elementor-size-default\">2007-2009<\/h2>\t\t\t\t<\/div>\n\t\t\t\t<\/div>\n\t\t\t\t<div class=\"elementor-element elementor-element-a6cfeb1 elementor-widget elementor-widget-text-editor\" data-id=\"a6cfeb1\" data-element_type=\"widget\" data-e-type=\"widget\" data-widget_type=\"text-editor.default\">\n\t\t\t\t<div class=\"elementor-widget-container\">\n\t\t\t\t\t\t\t\t\t<ul><li>Farang Restaurant, Helsinki<\/li><li>Suomen Terveystalo, including Tampere and Rovaniemi<\/li><li>FazerAmica<\/li><li>P\u00f6yry Energy<\/li><li>Pizza Hut<\/li><li>Tokmann Logistics Centre, M\u00e4nts\u00e4l\u00e4, Finland<\/li><li>Rolls<\/li><li>Pension company house, Salmisaari<\/li><li>Neste<\/li><li>VR<\/li><li>T\u00f6\u00f6l\u00f6 Service House, Helsinki<\/li><li>City of Sein\u00e4joki, Dental Care Unit ( + Pral pools)<\/li><li>Renovation of the former Paulig coffee roastery, Helsinki<\/li><li>Helsinki-Vantaa Airport, new international terminal: \"restaurant world\"<\/li><li>Renovation of the Helsinki Art Hall<\/li><li>Yliopistonrinne, Tampere ( + Pral pools)<\/li><li>Rantasipi Hotel<\/li><\/ul>\t\t\t\t\t\t\t\t<\/div>\n\t\t\t\t<\/div>\n\t\t\t\t<\/div>\n\t\t\t\t\t<\/div>\n\t\t\t\t<\/div>\n\t\t\t\t<\/div>","protected":false},"excerpt":{"rendered":"<p>REFERENSSIT PRAL REFERENSSIT VUOSI 2012 Kongressihotelli Gustavelund, Tuusula Toimistotilat, Helsinki (+altaita) Ruoholahden Kuntotalo, Helsinki (+altaita) Stockmann, 4.krs kahvila, Helsinki 2011 Hotelli Cumulus, Sein\u00e4joki ja Pori Technopolis \/ Finnmedi 6, Tampere (+altaita) Ohkolan sairaala, M\u00e4nts\u00e4l\u00e4 2010 Cumulus -hotellit Kuopio, H\u00e4meenlinna ja Sein\u00e4joki Sanomala, Vantaa Stockmann, herkku, Helsinki (\u201domalla\u201d s\u00e4vyll\u00e4) Sonera Stadium, Helsinki Suomen Terveystalo, Graniittitalo, Helsinki [&hellip;]<\/p>\n","protected":false},"author":1,"featured_media":0,"parent":0,"menu_order":0,"comment_status":"closed","ping_status":"closed","template":"","meta":{"_improvement_type_select":"improve_an_existing","_thumb_yes_seoaic":false,"_frame_yes_seoaic":false,"seoaic_generate_description":"","seoaic_improve_instructions_prompt":"","seoaic_rollback_content_improvement":"","seoaic_idea_thumbnail_generator":"","thumbnail_generated":false,"thumbnail_generate_prompt":"","seoaic_article_description":"","site-sidebar-layout":"no-sidebar","site-content-layout":"page-builder","ast-site-content-layout":"full-width-container","site-content-style":"unboxed","site-sidebar-style":"unboxed","ast-global-header-display":"","ast-banner-title-visibility":"","ast-main-header-display":"","ast-hfb-above-header-display":"","ast-hfb-below-header-display":"","ast-hfb-mobile-header-display":"","site-post-title":"disabled","ast-breadcrumbs-content":"","ast-featured-img":"disabled","footer-sml-layout":"","ast-disable-related-posts":"","theme-transparent-header-meta":"enabled","adv-header-id-meta":"","stick-header-meta":"","header-above-stick-meta":"","header-main-stick-meta":"","header-below-stick-meta":"","astra-migrate-meta-layouts":"set","ast-page-background-enabled":"default","ast-page-background-meta":{"desktop":{"background-color":"","background-image":"","background-repeat":"repeat","background-position":"center center","background-size":"auto","background-attachment":"scroll","background-type":"","background-media":"","overlay-type":"","overlay-color":"","overlay-opacity":"","overlay-gradient":""},"tablet":{"background-color":"","background-image":"","background-repeat":"repeat","background-position":"center center","background-size":"auto","background-attachment":"scroll","background-type":"","background-media":"","overlay-type":"","overlay-color":"","overlay-opacity":"","overlay-gradient":""},"mobile":{"background-color":"","background-image":"","background-repeat":"repeat","background-position":"center center","background-size":"auto","background-attachment":"scroll","background-type":"","background-media":"","overlay-type":"","overlay-color":"","overlay-opacity":"","overlay-gradient":""}},"ast-content-background-meta":{"desktop":{"background-color":"var(--ast-global-color-5)","background-image":"","background-repeat":"repeat","background-position":"center center","background-size":"auto","background-attachment":"scroll","background-type":"","background-media":"","overlay-type":"","overlay-color":"","overlay-opacity":"","overlay-gradient":""},"tablet":{"background-color":"var(--ast-global-color-5)","background-image":"","background-repeat":"repeat","background-position":"center center","background-size":"auto","background-attachment":"scroll","background-type":"","background-media":"","overlay-type":"","overlay-color":"","overlay-opacity":"","overlay-gradient":""},"mobile":{"background-color":"var(--ast-global-color-5)","background-image":"","background-repeat":"repeat","background-position":"center center","background-size":"auto","background-attachment":"scroll","background-type":"","background-media":"","overlay-type":"","overlay-color":"","overlay-opacity":"","overlay-gradient":""}},"footnotes":""},"class_list":["post-14301","page","type-page","status-publish","hentry"],"yoast_head":"<!-- This site is optimized with the Yoast SEO plugin v27.4 - https:\/\/yoast.com\/product\/yoast-seo-wordpress\/ -->\n<title>Referenssit Pral - Lore<\/title>\n<meta name=\"robots\" content=\"index, follow, max-snippet:-1, max-image-preview:large, max-video-preview:-1\" \/>\n<link rel=\"canonical\" href=\"https:\/\/lore.fi\/en\/referenssit-pral\/\" \/>\n<meta property=\"og:locale\" content=\"en_US\" \/>\n<meta property=\"og:type\" content=\"article\" \/>\n<meta property=\"og:title\" content=\"Referenssit Pral - Lore\" \/>\n<meta property=\"og:description\" content=\"REFERENSSIT PRAL REFERENSSIT VUOSI 2012 Kongressihotelli Gustavelund, Tuusula Toimistotilat, Helsinki (+altaita) Ruoholahden Kuntotalo, Helsinki (+altaita) Stockmann, 4.krs kahvila, Helsinki 2011 Hotelli Cumulus, Sein\u00e4joki ja Pori Technopolis \/ Finnmedi 6, Tampere (+altaita) Ohkolan sairaala, M\u00e4nts\u00e4l\u00e4 2010 Cumulus -hotellit Kuopio, H\u00e4meenlinna ja Sein\u00e4joki Sanomala, Vantaa Stockmann, herkku, Helsinki (\u201domalla\u201d s\u00e4vyll\u00e4) Sonera Stadium, Helsinki Suomen Terveystalo, Graniittitalo, Helsinki [&hellip;]\" \/>\n<meta property=\"og:url\" content=\"https:\/\/lore.fi\/en\/referenssit-pral\/\" \/>\n<meta property=\"og:site_name\" content=\"Lore\" \/>\n<meta property=\"article:modified_time\" content=\"2025-03-26T19:53:22+00:00\" \/>\n<meta property=\"og:image\" content=\"https:\/\/lore.fi\/wp-content\/uploads\/2025\/01\/lore_favicon.jpg\" \/>\n\t<meta property=\"og:image:width\" content=\"512\" \/>\n\t<meta property=\"og:image:height\" content=\"512\" \/>\n\t<meta property=\"og:image:type\" content=\"image\/jpeg\" \/>\n<meta name=\"twitter:card\" content=\"summary_large_image\" \/>\n<meta name=\"twitter:label1\" content=\"Est. reading time\" \/>\n\t<meta name=\"twitter:data1\" content=\"1 minute\" \/>\n<script type=\"application\/ld+json\" class=\"yoast-schema-graph\">{\"@context\":\"https:\\\/\\\/schema.org\",\"@graph\":[{\"@type\":\"WebPage\",\"@id\":\"https:\\\/\\\/lore.fi\\\/referenssit-pral\\\/\",\"url\":\"https:\\\/\\\/lore.fi\\\/referenssit-pral\\\/\",\"name\":\"Referenssit Pral - Lore\",\"isPartOf\":{\"@id\":\"https:\\\/\\\/lore.fi\\\/fi\\\/#website\"},\"datePublished\":\"2025-02-19T09:42:56+00:00\",\"dateModified\":\"2025-03-26T19:53:22+00:00\",\"breadcrumb\":{\"@id\":\"https:\\\/\\\/lore.fi\\\/referenssit-pral\\\/#breadcrumb\"},\"inLanguage\":\"en-US\",\"potentialAction\":[{\"@type\":\"ReadAction\",\"target\":[\"https:\\\/\\\/lore.fi\\\/referenssit-pral\\\/\"]}]},{\"@type\":\"BreadcrumbList\",\"@id\":\"https:\\\/\\\/lore.fi\\\/referenssit-pral\\\/#breadcrumb\",\"itemListElement\":[{\"@type\":\"ListItem\",\"position\":1,\"name\":\"Home\",\"item\":\"https:\\\/\\\/lore.fi\\\/\"},{\"@type\":\"ListItem\",\"position\":2,\"name\":\"Referenssit Pral\"}]},{\"@type\":\"WebSite\",\"@id\":\"https:\\\/\\\/lore.fi\\\/fi\\\/#website\",\"url\":\"https:\\\/\\\/lore.fi\\\/fi\\\/\",\"name\":\"Lore\",\"description\":\"Korkealuokkaisia pintamateriaaleja\",\"publisher\":{\"@id\":\"https:\\\/\\\/lore.fi\\\/fi\\\/#organization\"},\"potentialAction\":[{\"@type\":\"SearchAction\",\"target\":{\"@type\":\"EntryPoint\",\"urlTemplate\":\"https:\\\/\\\/lore.fi\\\/fi\\\/?s={search_term_string}\"},\"query-input\":{\"@type\":\"PropertyValueSpecification\",\"valueRequired\":true,\"valueName\":\"search_term_string\"}}],\"inLanguage\":\"en-US\"},{\"@type\":\"Organization\",\"@id\":\"https:\\\/\\\/lore.fi\\\/fi\\\/#organization\",\"name\":\"Lore\",\"alternateName\":\"Lore Finland\",\"url\":\"https:\\\/\\\/lore.fi\\\/fi\\\/\",\"logo\":{\"@type\":\"ImageObject\",\"inLanguage\":\"en-US\",\"@id\":\"https:\\\/\\\/lore.fi\\\/fi\\\/#\\\/schema\\\/logo\\\/image\\\/\",\"url\":\"https:\\\/\\\/lore.fi\\\/wp-content\\\/uploads\\\/2025\\\/01\\\/lore_logo_700px.png\",\"contentUrl\":\"https:\\\/\\\/lore.fi\\\/wp-content\\\/uploads\\\/2025\\\/01\\\/lore_logo_700px.png\",\"width\":700,\"height\":437,\"caption\":\"Lore\"},\"image\":{\"@id\":\"https:\\\/\\\/lore.fi\\\/fi\\\/#\\\/schema\\\/logo\\\/image\\\/\"}}]}<\/script>\n<!-- \/ Yoast SEO plugin. -->","yoast_head_json":{"title":"References Pral - Lore","robots":{"index":"index","follow":"follow","max-snippet":"max-snippet:-1","max-image-preview":"max-image-preview:large","max-video-preview":"max-video-preview:-1"},"canonical":"https:\/\/lore.fi\/en\/referenssit-pral\/","og_locale":"en_US","og_type":"article","og_title":"Referenssit Pral - Lore","og_description":"REFERENSSIT PRAL REFERENSSIT VUOSI 2012 Kongressihotelli Gustavelund, Tuusula Toimistotilat, Helsinki (+altaita) Ruoholahden Kuntotalo, Helsinki (+altaita) Stockmann, 4.krs kahvila, Helsinki 2011 Hotelli Cumulus, Sein\u00e4joki ja Pori Technopolis \/ Finnmedi 6, Tampere (+altaita) Ohkolan sairaala, M\u00e4nts\u00e4l\u00e4 2010 Cumulus -hotellit Kuopio, H\u00e4meenlinna ja Sein\u00e4joki Sanomala, Vantaa Stockmann, herkku, Helsinki (\u201domalla\u201d s\u00e4vyll\u00e4) Sonera Stadium, Helsinki Suomen Terveystalo, Graniittitalo, Helsinki [&hellip;]","og_url":"https:\/\/lore.fi\/en\/referenssit-pral\/","og_site_name":"Lore","article_modified_time":"2025-03-26T19:53:22+00:00","og_image":[{"width":512,"height":512,"url":"https:\/\/lore.fi\/wp-content\/uploads\/2025\/01\/lore_favicon.jpg","type":"image\/jpeg"}],"twitter_card":"summary_large_image","twitter_misc":{"Est. reading time":"1 minute"},"schema":{"@context":"https:\/\/schema.org","@graph":[{"@type":"WebPage","@id":"https:\/\/lore.fi\/referenssit-pral\/","url":"https:\/\/lore.fi\/referenssit-pral\/","name":"References Pral - Lore","isPartOf":{"@id":"https:\/\/lore.fi\/fi\/#website"},"datePublished":"2025-02-19T09:42:56+00:00","dateModified":"2025-03-26T19:53:22+00:00","breadcrumb":{"@id":"https:\/\/lore.fi\/referenssit-pral\/#breadcrumb"},"inLanguage":"en-US","potentialAction":[{"@type":"ReadAction","target":["https:\/\/lore.fi\/referenssit-pral\/"]}]},{"@type":"BreadcrumbList","@id":"https:\/\/lore.fi\/referenssit-pral\/#breadcrumb","itemListElement":[{"@type":"ListItem","position":1,"name":"Home","item":"https:\/\/lore.fi\/"},{"@type":"ListItem","position":2,"name":"Referenssit Pral"}]},{"@type":"WebSite","@id":"https:\/\/lore.fi\/fi\/#website","url":"https:\/\/lore.fi\/fi\/","name":"Lore","description":"High-quality surface materials","publisher":{"@id":"https:\/\/lore.fi\/fi\/#organization"},"potentialAction":[{"@type":"SearchAction","target":{"@type":"EntryPoint","urlTemplate":"https:\/\/lore.fi\/fi\/?s={search_term_string}"},"query-input":{"@type":"PropertyValueSpecification","valueRequired":true,"valueName":"search_term_string"}}],"inLanguage":"en-US"},{"@type":"Organization","@id":"https:\/\/lore.fi\/fi\/#organization","name":"Lore","alternateName":"Lore Finland","url":"https:\/\/lore.fi\/fi\/","logo":{"@type":"ImageObject","inLanguage":"en-US","@id":"https:\/\/lore.fi\/fi\/#\/schema\/logo\/image\/","url":"https:\/\/lore.fi\/wp-content\/uploads\/2025\/01\/lore_logo_700px.png","contentUrl":"https:\/\/lore.fi\/wp-content\/uploads\/2025\/01\/lore_logo_700px.png","width":700,"height":437,"caption":"Lore"},"image":{"@id":"https:\/\/lore.fi\/fi\/#\/schema\/logo\/image\/"}}]}},"_links":{"self":[{"href":"https:\/\/lore.fi\/en\/wp-json\/wp\/v2\/pages\/14301","targetHints":{"allow":["GET"]}}],"collection":[{"href":"https:\/\/lore.fi\/en\/wp-json\/wp\/v2\/pages"}],"about":[{"href":"https:\/\/lore.fi\/en\/wp-json\/wp\/v2\/types\/page"}],"author":[{"embeddable":true,"href":"https:\/\/lore.fi\/en\/wp-json\/wp\/v2\/users\/1"}],"replies":[{"embeddable":true,"href":"https:\/\/lore.fi\/en\/wp-json\/wp\/v2\/comments?post=14301"}],"version-history":[{"count":5,"href":"https:\/\/lore.fi\/en\/wp-json\/wp\/v2\/pages\/14301\/revisions"}],"predecessor-version":[{"id":14499,"href":"https:\/\/lore.fi\/en\/wp-json\/wp\/v2\/pages\/14301\/revisions\/14499"}],"wp:attachment":[{"href":"https:\/\/lore.fi\/en\/wp-json\/wp\/v2\/media?parent=14301"}],"curies":[{"name":"wp","href":"https:\/\/api.w.org\/{rel}","templated":true}]}}